{"id":28965,"date":"2020-05-06T15:00:30","date_gmt":"2020-05-06T13:00:30","guid":{"rendered":"http:\/\/medmassagen.myservice4you.ch\/?page_id=28965"},"modified":"2023-11-20T15:39:21","modified_gmt":"2023-11-20T14:39:21","slug":"info-infrarot-sauna","status":"publish","type":"page","link":"https:\/\/medmassagen.com\/wp\/info-infrarot-sauna\/","title":{"rendered":"Info Infrarot Sauna"},"content":{"rendered":"<p>[et_pb_section fb_built=&#8220;1&#8243; _builder_version=&#8220;4.4.5&#8243; custom_padding=&#8220;0px|||||&#8220; global_colors_info=&#8220;{}&#8220;][et_pb_row _builder_version=&#8220;4.4.5&#8243; custom_padding=&#8220;3px|||||&#8220; global_colors_info=&#8220;{}&#8220;][et_pb_column type=&#8220;4_4&#8243; _builder_version=&#8220;4.4.5&#8243; global_colors_info=&#8220;{}&#8220;][et_pb_text _builder_version=&#8220;4.4.5&#8243; global_colors_info=&#8220;{}&#8220; custom_padding=&#8220;2px|||||&#8220;]<\/p>\n<p style=\"text-align: center;\"><span>W\u00e4rme wird schon seit Jahrhunderten zur Behandlung verschiedenster Beschwerden eingesetzt.\u00a0<\/span><\/p>\n<p style=\"text-align: center;\"><span>Gesundes und Kreislauf schonendes Schwitzen wird durch die Infrarot-Sauna bereits ab 40 \u00b0C m\u00f6glich.<\/span><\/p>\n<p><span><strong><br \/>Regelm\u00e4\u00dfige Anwendungen k\u00f6nnen dabei:<\/strong><\/span><\/p>\n<ul type=\"disc\">\n<li><span>das Immunsystem st\u00e4rken<\/span><\/li>\n<li><span>die Durchblutung erh\u00f6hen und den Stoffwechsel verbessern<\/span><\/li>\n<li><span>Verspannungen l\u00f6sen und R\u00fcckenschmerzen lindern<\/span><\/li>\n<li><span>durch intensives Schwitzen die Entschlackung und Entgiftung des K\u00f6rpers f\u00f6rdern und somit zur Gewichtsabnahme beitragen<\/span><\/li>\n<li><span>die Behandlung von Hautkrankheiten positiv beeinflussen<\/span><\/li>\n<li><span>Wirkt gegen: Wirbes\u00e4ulenleiden, Asthma, Bronchitis, Infektionen, Stresszust\u00e4nde, Arthrose, Arthritis, Fibromyalgie (Weichteilrheumatismus), Krebserkrankungen<\/span><\/li>\n<li><span>REGELM\u00c4SSIGE ANWENDUNG MACHT GES\u00dcNDER, GL\u00dcCKLICHER UND GIBT MEHR ENERGIERESERVEN!<\/span><\/li>\n<\/ul>\n<p><span><\/span><\/p>\n<p><span><strong>Erh\u00f6ht die Durchblutung der Wirbels\u00e4ulenmuskulatur und bewirkt:<\/strong><\/span><\/p>\n<ul type=\"disc\">\n<li><span>Erh\u00f6hte Sauerstoffversorgung des Gehirns<\/span><\/li>\n<li><span>Schmerzlinderung im Nacken und gesamten R\u00fcckenbereich<\/span><\/li>\n<li><span>Regulation und Modulation des Immunsystems<\/span><\/li>\n<li><span>Erh\u00f6hten Kalorienverbrauch<\/span><\/li>\n<li><span>Stressabbau<\/span><\/li>\n<li><span>Die Vorsorge f\u00fcr ihre Gesundheit und Fitness<\/span><\/li>\n<\/ul>\n<p><span><\/span><\/p>\n<p><span><strong>Das Farblichtbad:<\/strong><\/span><\/p>\n<p><span>Durch die Verwendung des gesamten, der Natur nachempfundenen Farbspektrums nimmt es positiven Einfluss auf unsere Stimmungslage und sorgt f\u00fcr eine Verbesserung des allgemeinen Wohlbefindens.<\/span><\/p>\n<p><span><\/span><\/p>\n<p><span><strong>Das Klangbad:<\/strong><\/span><\/p>\n<p><span>Musik kann Wassermolek\u00fcle in unserem K\u00f6rper zum schwingen bringen. Unser K\u00f6rper besteht\u00a0 zu 70% aus Wasser. Bei entsprechender Musik ist es m\u00f6glich, K\u00f6rper und Seele zu entspannen und neue Lebensenergie zur\u00fcck zu gewinnen.<\/span><\/p>\n<p><span><\/span><\/p>\n<p><span><strong>Reinsetzen, starten und einfach genie\u00dfen!<\/strong><\/span><\/p>\n<p>[\/et_pb_text][\/et_pb_column][\/et_pb_row][\/et_pb_section]<\/p>\n","protected":false},"excerpt":{"rendered":"<p>W\u00e4rme wird schon seit Jahrhunderten zur Behandlung verschiedenster Beschwerden eingesetzt.\u00a0 Gesundes und Kreislauf schonendes Schwitzen wird durch die Infrarot-Sauna bereits ab 40 \u00b0C m\u00f6glich. Regelm\u00e4\u00dfige Anwendungen k\u00f6nnen dabei: das Immunsystem st\u00e4rken die Durchblutung erh\u00f6hen und den Stoffwechsel verbessern Verspannungen l\u00f6sen und R\u00fcckenschmerzen lindern durch intensives Schwitzen die Entschlackung und Entgiftung des K\u00f6rpers f\u00f6rdern und somit zur Gewichtsabnahme beitragen die Behandlung von Hautkrankheiten positiv beeinflussen Wirkt gegen: Wirbes\u00e4ulenleiden, Asthma, Bronchitis, Infektionen, Stresszust\u00e4nde, Arthrose, Arthritis, Fibromyalgie (Weichteilrheumatismus), Krebserkrankungen REGELM\u00c4SSIGE ANWENDUNG MACHT GES\u00dcNDER, GL\u00dcCKLICHER UND GIBT MEHR ENERGIERESERVEN! Erh\u00f6ht die Durchblutung der Wirbels\u00e4ulenmuskulatur und bewirkt: Erh\u00f6hte Sauerstoffversorgung des Gehirns Schmerzlinderung im Nacken und gesamten R\u00fcckenbereich Regulation und Modulation des Immunsystems Erh\u00f6hten Kalorienverbrauch Stressabbau Die Vorsorge f\u00fcr ihre Gesundheit und Fitness Das Farblichtbad: Durch die Verwendung des gesamten, der Natur nachempfundenen Farbspektrums nimmt es positiven Einfluss auf unsere Stimmungslage und sorgt f\u00fcr eine Verbesserung des allgemeinen Wohlbefindens. Das Klangbad: Musik kann Wassermolek\u00fcle in unserem K\u00f6rper zum schwingen bringen. Unser K\u00f6rper besteht\u00a0 zu 70% aus Wasser. Bei entsprechender Musik ist es m\u00f6glich, K\u00f6rper und Seele zu entspannen und neue Lebensenergie zur\u00fcck zu gewinnen. Reinsetzen, starten und einfach&#8230;<\/p>\n","protected":false},"author":1,"featured_media":0,"parent":0,"menu_order":0,"comment_status":"closed","ping_status":"closed","template":"","meta":{"_et_pb_use_builder":"on","_et_pb_old_content":"","_et_gb_content_width":"","footnotes":""},"_links":{"self":[{"href":"https:\/\/medmassagen.com\/wp\/wp-json\/wp\/v2\/pages\/28965"}],"collection":[{"href":"https:\/\/medmassagen.com\/wp\/wp-json\/wp\/v2\/pages"}],"about":[{"href":"https:\/\/medmassagen.com\/wp\/wp-json\/wp\/v2\/types\/page"}],"author":[{"embeddable":true,"href":"https:\/\/medmassagen.com\/wp\/wp-json\/wp\/v2\/users\/1"}],"replies":[{"embeddable":true,"href":"https:\/\/medmassagen.com\/wp\/wp-json\/wp\/v2\/comments?post=28965"}],"version-history":[{"count":5,"href":"https:\/\/medmassagen.com\/wp\/wp-json\/wp\/v2\/pages\/28965\/revisions"}],"predecessor-version":[{"id":29119,"href":"https:\/\/medmassagen.com\/wp\/wp-json\/wp\/v2\/pages\/28965\/revisions\/29119"}],"wp:attachment":[{"href":"https:\/\/medmassagen.com\/wp\/wp-json\/wp\/v2\/media?parent=28965"}],"curies":[{"name":"wp","href":"https:\/\/api.w.org\/{rel}","templated":true}]}}